{"id":119,"date":"2024-02-16T13:33:44","date_gmt":"2024-02-16T18:33:44","guid":{"rendered":"https:\/\/www.bcrsupply.com\/?page_id=119"},"modified":"2024-02-16T13:33:44","modified_gmt":"2024-02-16T18:33:44","slug":"contacto","status":"publish","type":"page","link":"https:\/\/www.bcrsupply.com\/en\/contacto\/","title":{"rendered":"Contact us"},"content":{"rendered":"<div class=\"wpb-content-wrapper\"><div class=\"vc_row wpb_row vc_row-fluid vc_custom_1708023237015 wd-rs-65ce5dbd1f903 wd-section-stretch-content-no-pd\"><div class=\"wpb_column vc_column_container vc_col-sm-12\"><div class=\"vc_column-inner\"><div class=\"wpb_wrapper\">\n\t\t\t<!-- START contacto REVOLUTION SLIDER 6.6.20 --><p class=\"rs-p-wp-fix\"><\/p>\n\t\t\t<rs-module-wrap id=\"rev_slider_2_1_wrapper\" data-source=\"gallery\" style=\"visibility:hidden;background:transparent;padding:0;margin:0px auto;margin-top:0;margin-bottom:0;\">\n\t\t\t\t<rs-module id=\"rev_slider_2_1\" style=\"\" data-version=\"6.6.20\">\n\t\t\t\t\t<rs-slides style=\"overflow: hidden; position: absolute;\">\n\t\t\t\t\t\t<rs-slide style=\"position: absolute;\" data-key=\"rs-4\" data-title=\"Slide\" data-in=\"o:0;col:400;\">\n\t\t\t\t\t\t\t<img decoding=\"async\" src=\"\/\/www.bcrsupply.com\/wp-content\/plugins\/revslider\/public\/assets\/assets\/dummy.png\" alt=\"banner-contacto\" width=\"1920\" height=\"400\" class=\"rev-slidebg tp-rs-img rs-lazyload\" data-lazyload=\"\/\/www.bcrsupply.com\/wp-content\/uploads\/banner-contacto.webp\" data-no-retina>\n<!--\n\t\t\t\t\t\t\t--><h1\n\t\t\t\t\t\t\t\tid=\"slider-2-slide-4-layer-0\" \n\t\t\t\t\t\t\t\tclass=\"rs-layer\"\n\t\t\t\t\t\t\t\tdata-type=\"text\"\n\t\t\t\t\t\t\t\tdata-rsp_ch=\"on\"\n\t\t\t\t\t\t\t\tdata-xy=\"x:r;xo:200px,200px,200px,100px;y:m;\"\n\t\t\t\t\t\t\t\tdata-text=\"w:normal;s:50,50,50,32;l:60,60,60,41;fw:700;a:right;\"\n\t\t\t\t\t\t\t\tdata-frame_0=\"x:50,50,50,147px;y:0,0,0,0px;\"\n\t\t\t\t\t\t\t\tdata-frame_1=\"x:0,0,0,0px;y:0,0,0,0px;sp:1000;\"\n\t\t\t\t\t\t\t\tdata-frame_999=\"o:0;st:w;\"\n\t\t\t\t\t\t\t\tstyle=\"z-index:5;font-family:'Montserrat';\"\n\t\t\t\t\t\t\t>Cont\u00e1ctanos \n\t\t\t\t\t\t\t<\/h1><!--\n-->\t\t\t\t\t\t<\/rs-slide>\n\t\t\t\t\t<\/rs-slides>\n\t\t\t\t<\/rs-module>\n\t\t\t\t<script>\n\t\t\t\t\tsetREVStartSize({c: 'rev_slider_2_1',rl:[1240,1240,1240,480],el:[400,400,400,300],gw:[1920,1920,1920,480],gh:[400,400,400,300],type:'standard',justify:'',layout:'fullwidth',mh:\"0\"});if (window.RS_MODULES!==undefined && window.RS_MODULES.modules!==undefined && window.RS_MODULES.modules[\"revslider21\"]!==undefined) {window.RS_MODULES.modules[\"revslider21\"].once = false;window.revapi2 = undefined;if (window.RS_MODULES.checkMinimal!==undefined) window.RS_MODULES.checkMinimal()}\n\t\t\t\t<\/script>\n\t\t\t<\/rs-module-wrap>\n\t\t\t<!-- END REVOLUTION SLIDER -->\n<\/div><\/div><\/div><\/div><div class=\"vc_row wpb_row vc_row-fluid vc_custom_1708107074801 vc_row-has-fill wd-bg-center-top wd-rs-65cfa52f0475b wd-section-stretch\"><div class=\"wpb_column vc_column_container vc_col-sm-12 wd-rs-65cec2c810974\"><div class=\"vc_column-inner vc_custom_1708049101760\"><div class=\"wpb_wrapper\"><div class=\"vc_row wpb_row vc_inner vc_row-fluid\">\t\t\t<link rel=\"stylesheet\" id=\"wd-animations-css\" href=\"https:\/\/www.bcrsupply.com\/wp-content\/themes\/woodmart\/css\/parts\/mod-animations-transform.min.css?ver=7.4.3\" type=\"text\/css\" media=\"all\" \/> \t\t\t<div class=\"wpb_column vc_column_container vc_col-sm-6 wd-rs-65cfa5f7175f9\"><div class=\"vc_column-inner vc_custom_1708107263886\"><div class=\"wpb_wrapper\">\t\t\t<link rel=\"stylesheet\" id=\"wd-section-title-css\" href=\"https:\/\/www.bcrsupply.com\/wp-content\/themes\/woodmart\/css\/parts\/el-section-title.min.css?ver=7.4.3\" type=\"text\/css\" media=\"all\" \/> \t\t\t\t\t\t<link rel=\"stylesheet\" id=\"wd-mod-highlighted-text-css\" href=\"https:\/\/www.bcrsupply.com\/wp-content\/themes\/woodmart\/css\/parts\/mod-highlighted-text.min.css?ver=7.4.3\" type=\"text\/css\" media=\"all\" \/> \t\t\t\n\t\t<div id=\"wd-65cfa54fc32aa\" class=\"title-wrapper wd-wpb set-mb-s reset-last-child  wd-animation-slide-from-top wd-animation-normal wd-rs-65cfa54fc32aa wd-title-color-default wd-title-style-default text-left vc_custom_1708107100205 wd-underline-colored\">\n\t\t\t\n\t\t\t<div class=\"liner-continer\">\n\t\t\t\t<h4 class=\"woodmart-title-container title  wd-font-weight- wd-fontsize-l\" >D\u00e9janos tus datos y<br \/>\ncomun\u00edcate con nosotros<\/h4>\n\t\t\t\t\t\t\t<\/div>\n\t\t\t\n\t\t\t\n\t\t\t\n\t\t<\/div>\n\t\t\n\t\t<div class=\"vc_separator wpb_content_element vc_separator_align_center vc_sep_width_20 vc_sep_border_width_8 vc_sep_pos_align_left vc_separator_no_text vc_custom_1708107110053 wpb_animate_when_almost_visible wpb_fadeInUp fadeInUp\" ><span class=\"vc_sep_holder vc_sep_holder_l\"><span style=\"border-color:#0393c4;\" class=\"vc_sep_line\"><\/span><\/span><span class=\"vc_sep_holder vc_sep_holder_r\"><span style=\"border-color:#0393c4;\" class=\"vc_sep_line\"><\/span><\/span>\n<\/div>\t\t\t<link rel=\"stylesheet\" id=\"wd-text-block-css\" href=\"https:\/\/www.bcrsupply.com\/wp-content\/themes\/woodmart\/css\/parts\/el-text-block.min.css?ver=7.4.3\" type=\"text\/css\" media=\"all\" \/> \t\t\t\t\t<div id=\"wd-65cfa61173bf0\" class=\"wd-text-block wd-wpb reset-last-child wd-rs-65cfa61173bf0 text-left wd-width-enabled \" style=\"--wd-max-width: 80%;\">\n\t\t\t<p>Nuestra experiencia en consultor\u00eda qu\u00edmica, combinada con una gesti\u00f3n comercial eficiente, <strong>garantiza soluciones \u00fanicas y efectivas para la industria del petr\u00f3leo.<\/strong><\/p>\n\t\t<\/div>\n\t\t<\/div><\/div><\/div><div class=\"wpb_column vc_column_container vc_col-sm-6\"><div class=\"vc_column-inner\"><div class=\"wpb_wrapper\">\r\n<style type=\"text\/css\">\r\n\r\n\r\n\r\n\r\n\r\n\r\n\r\n\tbody #wpforms-14 .wpforms-submit-container .wpforms-submit, body #wpforms-14 .wpforms-field-pagebreak button.wpforms-page-button {\r\n\t\tfont-weight: bold;height:50px ;color:#ffffff ;background-color:#0393c4 ;padding:10px 30px ;border-width:0px ;border-radius:30px ;-web-border-radius:30px ;-moz-border-radius:30px ;\t\t\t}\r\n\r\n\tbody #wpforms-14 .wpforms-submit-container .wpforms-submit:hover, body #wpforms-14 .wpforms-field-pagebreak button.wpforms-page-button:hover {\r\n\tbackground-color:#7c7c7c;\tcolor:#ffffff;\t}\r\n\r\n\tbody #wpforms-14 .wpforms-submit-container,\r\n\tbody #wpforms-14 .wpforms-field-pagebreak .wpforms-pagebreak-left{\r\n\t\t}\r\n\r\n\r\n\tbody #wpforms-14 .wpforms-form .wpforms-field input[type=text],\r\n\tbody #wpforms-14 .wpforms-form .wpforms-field input[type=email],\r\n\tbody #wpforms-14 .wpforms-form .wpforms-field input[type=tel],\r\n\tbody #wpforms-14 .wpforms-form .wpforms-field input[type=url],\r\n\tbody #wpforms-14 .wpforms-form .wpforms-field input[type=password],\r\n\tbody #wpforms-14 .wpforms-form .wpforms-field input[type=number]\r\n\t{\r\n\t\theight:60px ;border-width:2px ;border-color:#9a9a9a ;border-radius:30px ;-web-border-radius:30px ;-moz-border-radius:30px ;\t\t\t}\r\n\r\n\tbody #wpforms-14 .wpforms-form .wpforms-field .wpforms-field-row\r\n\t{\r\n\t\t\t}\r\n\r\n\tbody #wpforms-14 .wpforms-form .wpforms-field-layout.wpforms-field input[type=text],\r\n\tbody #wpforms-14 .wpforms-form .wpforms-field-layout.wpforms-field input[type=email],\r\n\tbody #wpforms-14 .wpforms-form .wpforms-field-layout.wpforms-field input[type=tel],\r\n\tbody #wpforms-14 .wpforms-form .wpforms-field-layout.wpforms-field input[type=url],\r\n\tbody #wpforms-14 .wpforms-form .wpforms-field-layout.wpforms-field input[type=password],\r\n\tbody #wpforms-14 .wpforms-form .wpforms-field-layout.wpforms-field input[type=number]{\r\n\t\twidth: 100%;\r\n\t}\r\n\r\n\tbody #wpforms-14 .wpforms-form .wpforms-field .wpforms-field-row input[type=text]{\r\n\t\twidth: 100%;\r\n\t}\r\n\r\n\r\n\r\n\r\n\r\n\tbody #wpforms-14 .wpforms-form .wpforms-field textarea {\r\n\t\tborder-width:2px ;border-color:#9a9a9a ;border-radius:30px ;-web-border-radius:30px ;-moz-border-radius:30px ;\t\t\t\t}\r\n\r\n\r\n\r\n\r\n\r\n\/* Styling for Tablets *\/\r\n@media only screen and (max-width: 800px) and (min-width:481px) {\r\n\t\r\n\r\n\r\n\r\n}\r\n\r\n@media only screen and (max-width: 480px){\r\n\t\r\n\r\n\r\n\r\n}\r\n\/*Option to add custom CSS *\/\r\n\r\n\r\n\r\n\t\t<\/style>\r\n\t\t<div class=\"wpforms-container wpforms-container-full wpforms-render-modern\" id=\"wpforms-14\"><form id=\"wpforms-form-14\" class=\"wpforms-validate wpforms-form wpforms-ajax-form\" data-formid=\"14\" method=\"post\" enctype=\"multipart\/form-data\" action=\"\/en\/wp-json\/wp\/v2\/pages\/119\" data-token=\"302c926af821344d97b3a0c84107bf01\"><noscript class=\"wpforms-error-noscript\">Please enable JavaScript in your browser to complete this form.<\/noscript><div class=\"wpforms-hidden\" id=\"wpforms-error-noscript\">Please enable JavaScript in your browser to complete this form.<\/div><div class=\"wpforms-field-container\"><div id=\"wpforms-14-field_1-container\" class=\"wpforms-field wpforms-field-name wpforms-one-half wpforms-first wpforms-mobile-full\" data-field-id=\"1\"><label class=\"wpforms-field-label wpforms-label-hide\" for=\"wpforms-14-field_1\" aria-hidden=\"false\">Nombre y Apellido <span class=\"wpforms-required-label\" aria-hidden=\"true\">*<\/span><\/label><input type=\"text\" id=\"wpforms-14-field_1\" class=\"wpforms-field-large wpforms-field-required\" name=\"wpforms[fields][1]\" placeholder=\"Nombre y Apellido\" aria-errormessage=\"wpforms-14-field_1-error\" required><\/div><div id=\"wpforms-14-field_2-container\" class=\"wpforms-field wpforms-field-text wpforms-one-half wpforms-mobile-full\" data-field-id=\"2\"><label class=\"wpforms-field-label wpforms-label-hide\" for=\"wpforms-14-field_2\" aria-hidden=\"false\">Empresa<\/label><input type=\"text\" id=\"wpforms-14-field_2\" class=\"wpforms-field-large\" name=\"wpforms[fields][2]\" placeholder=\"Empresa\" aria-errormessage=\"wpforms-14-field_2-error\" ><\/div><div id=\"wpforms-14-field_3-container\" class=\"wpforms-field wpforms-field-email wpforms-one-half wpforms-first wpforms-mobile-full\" data-field-id=\"3\"><label class=\"wpforms-field-label wpforms-label-hide\" for=\"wpforms-14-field_3\" aria-hidden=\"false\">Correo electr\u00f3nico <span class=\"wpforms-required-label\" aria-hidden=\"true\">*<\/span><\/label><input type=\"email\" id=\"wpforms-14-field_3\" class=\"wpforms-field-large wpforms-field-required\" name=\"wpforms[fields][3]\" placeholder=\"Correo electr\u00f3nico\" spellcheck=\"false\" aria-errormessage=\"wpforms-14-field_3-error\" required><\/div><div id=\"wpforms-14-field_4-container\" class=\"wpforms-field wpforms-field-phone wpforms-one-half wpforms-mobile-full\" data-field-id=\"4\"><label class=\"wpforms-field-label wpforms-label-hide\" for=\"wpforms-14-field_4\" aria-hidden=\"false\">Tel\u00e9fono<\/label><input type=\"tel\" id=\"wpforms-14-field_4\" class=\"wpforms-field-large wpforms-smart-phone-field\" data-rule-smart-phone-field=\"true\" name=\"wpforms[fields][4]\" placeholder=\"Tel\u00e9fono\" aria-errormessage=\"wpforms-14-field_4-error\" ><\/div><div id=\"wpforms-14-field_5-container\" class=\"wpforms-field wpforms-field-textarea\" data-field-id=\"5\"><label class=\"wpforms-field-label wpforms-label-hide\" for=\"wpforms-14-field_5\" aria-hidden=\"false\">Comentarios<\/label><textarea id=\"wpforms-14-field_5\" class=\"wpforms-field-medium\" name=\"wpforms[fields][5]\" placeholder=\"Comentarios\" aria-errormessage=\"wpforms-14-field_5-error\" ><\/textarea><\/div><\/div><!-- .wpforms-field-container --><div class=\"wpforms-submit-container\" ><input type=\"hidden\" name=\"wpforms[id]\" value=\"14\"><input type=\"hidden\" name=\"wpforms[author]\" value=\"1\"><button type=\"submit\" name=\"wpforms[submit]\" id=\"wpforms-submit-14\" class=\"wpforms-submit\" data-alt-text=\"Enviando...\" data-submit-text=\"Enviar mensaje\" aria-live=\"assertive\" value=\"wpforms-submit\">Enviar mensaje<\/button><img loading=\"lazy\" decoding=\"async\" src=\"https:\/\/www.bcrsupply.com\/wp-content\/plugins\/wpforms\/assets\/images\/submit-spin.svg\" class=\"wpforms-submit-spinner\" style=\"display: none;\" width=\"26\" height=\"26\" alt=\"Loading\"><\/div><\/form><\/div>  <!-- .wpforms-container --><\/div><\/div><\/div><\/div><\/div><\/div><\/div><\/div><div data-vc-full-width=\"true\" data-vc-full-width-init=\"false\" data-vc-stretch-content=\"true\" class=\"vc_row wpb_row vc_row-fluid vc_custom_1708107475256 vc_row-no-padding wd-rs-65cfa6c40d21b wd-section-stretch-content-no-pd\"><div class=\"wpb_column vc_column_container vc_col-sm-12 wd-rs-65cfa6d5edb22\"><div class=\"vc_column-inner vc_custom_1708107491876\"><div class=\"wpb_wrapper\">\t\t\t<link rel=\"stylesheet\" id=\"wd-map-css\" href=\"https:\/\/www.bcrsupply.com\/wp-content\/themes\/woodmart\/css\/parts\/el-map.min.css?ver=7.4.3\" type=\"text\/css\" media=\"all\" \/> \t\t\t\t\t\t<link rel=\"stylesheet\" id=\"wd-el-google-map-css\" href=\"https:\/\/www.bcrsupply.com\/wp-content\/themes\/woodmart\/css\/parts\/el-google-map.min.css?ver=7.4.3\" type=\"text\/css\" media=\"all\" \/> \t\t\t\t\t\t<div class=\"google-map-container wd-map-container  vc_custom_1708107720970 wd-rs-65cfa7c0533da\"  data-map-args='{\"multiple_markers\":\"no\",\"latitude\":\"4.960218895015969\",\"longitude\":\"-73.94827828931261\",\"zoom\":\"17\",\"mouse_zoom\":\"no\",\"init_type\":\"page_load\",\"init_offset\":\"100\",\"elementor\":false,\"json_style\":\"[\\n    {\\n        \\\"featureType\\\": \\\"all\\\",\\n        \\\"elementType\\\": \\\"labels.text.fill\\\",\\n        \\\"stylers\\\": [\\n            {\\n                \\\"saturation\\\": 36\\n            },\\n            {\\n                \\\"color\\\": \\\"#000000\\\"\\n            },\\n            {\\n                \\\"lightness\\\": 40\\n            }\\n        ]\\n    },\\n    {\\n        \\\"featureType\\\": \\\"all\\\",\\n        \\\"elementType\\\": \\\"labels.text.stroke\\\",\\n        \\\"stylers\\\": [\\n            {\\n                \\\"visibility\\\": \\\"on\\\"\\n            },\\n            {\\n                \\\"color\\\": \\\"#000000\\\"\\n            },\\n            {\\n                \\\"lightness\\\": 16\\n            }\\n        ]\\n    },\\n    {\\n        \\\"featureType\\\": \\\"all\\\",\\n        \\\"elementType\\\": \\\"labels.icon\\\",\\n        \\\"stylers\\\": [\\n            {\\n                \\\"visibility\\\": \\\"off\\\"\\n            }\\n        ]\\n    },\\n    {\\n        \\\"featureType\\\": \\\"administrative\\\",\\n        \\\"elementType\\\": \\\"geometry.fill\\\",\\n        \\\"stylers\\\": [\\n            {\\n                \\\"color\\\": \\\"#000000\\\"\\n            },\\n            {\\n                \\\"lightness\\\": 20\\n            }\\n        ]\\n    },\\n    {\\n        \\\"featureType\\\": \\\"administrative\\\",\\n        \\\"elementType\\\": \\\"geometry.stroke\\\",\\n        \\\"stylers\\\": [\\n            {\\n                \\\"color\\\": \\\"#000000\\\"\\n            },\\n            {\\n                \\\"lightness\\\": 17\\n            },\\n            {\\n                \\\"weight\\\": 1.2\\n            }\\n        ]\\n    },\\n    {\\n        \\\"featureType\\\": \\\"landscape\\\",\\n        \\\"elementType\\\": \\\"geometry\\\",\\n        \\\"stylers\\\": [\\n            {\\n                \\\"color\\\": \\\"#000000\\\"\\n            },\\n            {\\n                \\\"lightness\\\": 20\\n            }\\n        ]\\n    },\\n    {\\n        \\\"featureType\\\": \\\"poi\\\",\\n        \\\"elementType\\\": \\\"geometry\\\",\\n        \\\"stylers\\\": [\\n            {\\n                \\\"color\\\": \\\"#000000\\\"\\n            },\\n            {\\n                \\\"lightness\\\": 21\\n            }\\n        ]\\n    },\\n    {\\n        \\\"featureType\\\": \\\"road.highway\\\",\\n        \\\"elementType\\\": \\\"geometry.fill\\\",\\n        \\\"stylers\\\": [\\n            {\\n                \\\"color\\\": \\\"#000000\\\"\\n            },\\n            {\\n                \\\"lightness\\\": 17\\n            }\\n        ]\\n    },\\n    {\\n        \\\"featureType\\\": \\\"road.highway\\\",\\n        \\\"elementType\\\": \\\"geometry.stroke\\\",\\n        \\\"stylers\\\": [\\n            {\\n                \\\"color\\\": \\\"#000000\\\"\\n            },\\n            {\\n                \\\"lightness\\\": 29\\n            },\\n            {\\n                \\\"weight\\\": 0.2\\n            }\\n        ]\\n    },\\n    {\\n        \\\"featureType\\\": \\\"road.arterial\\\",\\n        \\\"elementType\\\": \\\"geometry\\\",\\n        \\\"stylers\\\": [\\n            {\\n                \\\"color\\\": \\\"#000000\\\"\\n            },\\n            {\\n                \\\"lightness\\\": 18\\n            }\\n        ]\\n    },\\n    {\\n        \\\"featureType\\\": \\\"road.local\\\",\\n        \\\"elementType\\\": \\\"geometry\\\",\\n        \\\"stylers\\\": [\\n            {\\n                \\\"color\\\": \\\"#000000\\\"\\n            },\\n            {\\n                \\\"lightness\\\": 16\\n            }\\n        ]\\n    },\\n    {\\n        \\\"featureType\\\": \\\"transit\\\",\\n        \\\"elementType\\\": \\\"geometry\\\",\\n        \\\"stylers\\\": [\\n            {\\n                \\\"color\\\": \\\"#000000\\\"\\n            },\\n            {\\n                \\\"lightness\\\": 19\\n            }\\n        ]\\n    },\\n    {\\n        \\\"featureType\\\": \\\"water\\\",\\n        \\\"elementType\\\": \\\"geometry\\\",\\n        \\\"stylers\\\": [\\n            {\\n                \\\"color\\\": \\\"#000000\\\"\\n            },\\n            {\\n                \\\"lightness\\\": 17\\n            }\\n        ]\\n    }\\n]\\n\",\"marker_icon\":\"https:\\\/\\\/www.bcrsupply.com\\\/wp-content\\\/themes\\\/woodmart\\\/inc\\\/admin\\\/assets\\\/images\\\/google-icon.png\",\"marker_icon_size\":\"\",\"marker_text_needed\":\"no\",\"marker_text\":\"<h3 style=\\\"min-width:300px; text-align:center; margin:15px;\\\"><\\\/h3>\",\"selector\":\"wd-map-id-69e1047426950\",\"markers\":\"\",\"center\":\"\"}'>\n\n\t\t\t\t\n\t\t\t\t\n\t\t\t\t<div class=\"wd-google-map-wrapper wd-map-wrapper wd-fill\">\n\t\t\t\t\t<div id=\"wd-map-id-69e1047426950\" class=\"wd-google-map without-content wd-fill\"><\/div>\n\t\t\t\t<\/div>\n\n\t\t\t\t\t\t\t<\/div>\n\t\t<\/div><\/div><\/div><\/div><div class=\"vc_row-full-width vc_clearfix\"><\/div>\n<\/div>","protected":false},"excerpt":{"rendered":"Cont\u00e1ctanos D\u00e9janos tus datos y comun\u00edcate con nosotros Nuestra experiencia en consultor\u00eda qu\u00edmica, combinada con una gesti\u00f3n comercial eficiente, garantiza","protected":false},"author":1,"featured_media":0,"parent":0,"menu_order":0,"comment_status":"closed","ping_status":"closed","template":"","meta":{"footnotes":""},"class_list":["post-119","page","type-page","status-publish","hentry"],"_links":{"self":[{"href":"https:\/\/www.bcrsupply.com\/en\/wp-json\/wp\/v2\/pages\/119","targetHints":{"allow":["GET"]}}],"collection":[{"href":"https:\/\/www.bcrsupply.com\/en\/wp-json\/wp\/v2\/pages"}],"about":[{"href":"https:\/\/www.bcrsupply.com\/en\/wp-json\/wp\/v2\/types\/page"}],"author":[{"embeddable":true,"href":"https:\/\/www.bcrsupply.com\/en\/wp-json\/wp\/v2\/users\/1"}],"replies":[{"embeddable":true,"href":"https:\/\/www.bcrsupply.com\/en\/wp-json\/wp\/v2\/comments?post=119"}],"version-history":[{"count":1,"href":"https:\/\/www.bcrsupply.com\/en\/wp-json\/wp\/v2\/pages\/119\/revisions"}],"predecessor-version":[{"id":121,"href":"https:\/\/www.bcrsupply.com\/en\/wp-json\/wp\/v2\/pages\/119\/revisions\/121"}],"wp:attachment":[{"href":"https:\/\/www.bcrsupply.com\/en\/wp-json\/wp\/v2\/media?parent=119"}],"curies":[{"name":"wp","href":"https:\/\/api.w.org\/{rel}","templated":true}]}}