{"id":231,"date":"2024-02-17T14:57:27","date_gmt":"2024-02-17T19:57:27","guid":{"rendered":"https:\/\/www.bcrsupply.com\/?page_id=231"},"modified":"2024-02-18T08:57:39","modified_gmt":"2024-02-18T13:57:39","slug":"quimica-de-produccion","status":"publish","type":"page","link":"https:\/\/www.bcrsupply.com\/en\/quimica-de-produccion\/","title":{"rendered":"Production Chemistry"},"content":{"rendered":"<div class=\"wpb-content-wrapper\"><div class=\"vc_row wpb_row vc_row-fluid vc_custom_1708023237015 wd-rs-65ce5dbd1f903 wd-section-stretch-content-no-pd\"><div class=\"wpb_column vc_column_container vc_col-sm-12\"><div class=\"vc_column-inner\"><div class=\"wpb_wrapper\">\n\t\t\t<!-- START quimica REVOLUTION SLIDER 6.6.20 --><p class=\"rs-p-wp-fix\"><\/p>\n\t\t\t<rs-module-wrap id=\"rev_slider_9_1_wrapper\" data-source=\"gallery\" style=\"visibility:hidden;background:transparent;padding:0;margin:0px auto;margin-top:0;margin-bottom:0;\">\n\t\t\t\t<rs-module id=\"rev_slider_9_1\" style=\"\" data-version=\"6.6.20\">\n\t\t\t\t\t<rs-slides style=\"overflow: hidden; position: absolute;\">\n\t\t\t\t\t\t<rs-slide style=\"position: absolute;\" data-key=\"rs-11\" data-title=\"Slide\" data-in=\"o:0;col:400;\" data-out=\"a:false;\">\n\t\t\t\t\t\t\t<img decoding=\"async\" src=\"\/\/www.bcrsupply.com\/wp-content\/plugins\/revslider\/public\/assets\/assets\/dummy.png\" alt=\"banner-quimica\" width=\"1920\" height=\"400\" class=\"rev-slidebg tp-rs-img rs-lazyload\" data-lazyload=\"\/\/www.bcrsupply.com\/wp-content\/uploads\/banner-quimica.webp\" data-no-retina>\n<!--\n\t\t\t\t\t\t\t--><h1\n\t\t\t\t\t\t\t\tid=\"slider-9-slide-11-layer-0\" \n\t\t\t\t\t\t\t\tclass=\"rs-layer\"\n\t\t\t\t\t\t\t\tdata-type=\"text\"\n\t\t\t\t\t\t\t\tdata-rsp_ch=\"on\"\n\t\t\t\t\t\t\t\tdata-xy=\"x:r;xo:200px,200px,200px,100px;y:m;\"\n\t\t\t\t\t\t\t\tdata-text=\"w:normal;s:50,50,50,28;l:60,60,60,38;fw:700;a:right;\"\n\t\t\t\t\t\t\t\tdata-dim=\"w:684px,684px,684px,272px;\"\n\t\t\t\t\t\t\t\tdata-frame_0=\"x:50,50,50,147px;y:0,0,0,0px;\"\n\t\t\t\t\t\t\t\tdata-frame_1=\"x:0,0,0,0px;y:0,0,0,0px;sp:1000;\"\n\t\t\t\t\t\t\t\tdata-frame_999=\"o:0;st:w;\"\n\t\t\t\t\t\t\t\tstyle=\"z-index:5;font-family:'Montserrat';\"\n\t\t\t\t\t\t\t>Qu\u00edmica de Producci\u00f3n \n\t\t\t\t\t\t\t<\/h1><!--\n-->\t\t\t\t\t\t<\/rs-slide>\n\t\t\t\t\t<\/rs-slides>\n\t\t\t\t<\/rs-module>\n\t\t\t\t<script>\n\t\t\t\t\tsetREVStartSize({c: 'rev_slider_9_1',rl:[1240,1240,1240,480],el:[400,400,400,300],gw:[1920,1920,1920,480],gh:[400,400,400,300],type:'standard',justify:'',layout:'fullwidth',mh:\"0\"});if (window.RS_MODULES!==undefined && window.RS_MODULES.modules!==undefined && window.RS_MODULES.modules[\"revslider91\"]!==undefined) {window.RS_MODULES.modules[\"revslider91\"].once = false;window.revapi9 = undefined;if (window.RS_MODULES.checkMinimal!==undefined) window.RS_MODULES.checkMinimal()}\n\t\t\t\t<\/script>\n\t\t\t<\/rs-module-wrap>\n\t\t\t<!-- END REVOLUTION SLIDER -->\n<\/div><\/div><\/div><\/div><div data-vc-full-width=\"true\" data-vc-full-width-init=\"false\" data-vc-stretch-content=\"true\" class=\"vc_row wpb_row vc_row-fluid vc_custom_1708170756472 vc_row-no-padding vc_row-o-equal-height vc_row-o-content-middle vc_row-flex wd-rs-65d09dfb9ec95 wd-section-stretch-content-no-pd\">\t\t\t<link rel=\"stylesheet\" id=\"wd-animations-css\" href=\"https:\/\/www.bcrsupply.com\/wp-content\/themes\/woodmart\/css\/parts\/mod-animations-transform.min.css?ver=7.4.3\" type=\"text\/css\" media=\"all\" \/> \t\t\t<div class=\"wpb_column vc_column_container vc_col-sm-6 vc_col-has-fill wd-bg-center-top wd-rs-65d20cc67fd62\"><div class=\"vc_column-inner vc_custom_1708264658019\"><div class=\"wpb_wrapper\">\t\t\t<link rel=\"stylesheet\" id=\"wd-section-title-css\" href=\"https:\/\/www.bcrsupply.com\/wp-content\/themes\/woodmart\/css\/parts\/el-section-title.min.css?ver=7.4.3\" type=\"text\/css\" media=\"all\" \/> \t\t\t\t\t\t<link rel=\"stylesheet\" id=\"wd-mod-highlighted-text-css\" href=\"https:\/\/www.bcrsupply.com\/wp-content\/themes\/woodmart\/css\/parts\/mod-highlighted-text.min.css?ver=7.4.3\" type=\"text\/css\" media=\"all\" \/> \t\t\t\n\t\t<div id=\"wd-65d20c7ff0928\" class=\"title-wrapper wd-wpb set-mb-s reset-last-child  wd-animation-slide-from-top wd-animation-normal wd-rs-65d20c7ff0928 wd-title-color-default wd-title-style-default text-left vc_custom_1708264585012 wd-underline-colored\">\n\t\t\t\n\t\t\t<div class=\"liner-continer\">\n\t\t\t\t<h2 class=\"woodmart-title-container title  wd-font-weight- wd-fontsize-l\" >Productos que garantizan el flujo de producci\u00f3n, integridad y cuidado de los activos<\/h2>\n\t\t\t\t\t\t\t<\/div>\n\t\t\t\n\t\t\t\n\t\t\t\n\t\t<\/div>\n\t\t\n\t\t<div class=\"vc_separator wpb_content_element vc_separator_align_center vc_sep_width_20 vc_sep_border_width_8 vc_sep_pos_align_left vc_separator_no_text vc_custom_1708111386730 wpb_animate_when_almost_visible wpb_fadeInUp fadeInUp\" ><span class=\"vc_sep_holder vc_sep_holder_l\"><span style=\"border-color:#0393c4;\" class=\"vc_sep_line\"><\/span><\/span><span class=\"vc_sep_holder vc_sep_holder_r\"><span style=\"border-color:#0393c4;\" class=\"vc_sep_line\"><\/span><\/span>\n<\/div>\t\t\t<link rel=\"stylesheet\" id=\"wd-text-block-css\" href=\"https:\/\/www.bcrsupply.com\/wp-content\/themes\/woodmart\/css\/parts\/el-text-block.min.css?ver=7.4.3\" type=\"text\/css\" media=\"all\" \/> \t\t\t\t\t<div id=\"wd-65d20c8b771c1\" class=\"wd-text-block wd-wpb reset-last-child wd-animation-zoom-in wd-animation-normal wd-rs-65d20c8b771c1 text-left \">\n\t\t\t<ul>\n<li>Reductores de Viscosidad<\/li>\n<li>Reductor de Fricci\u00f3n<\/li>\n<li>Mejoradores de Movilidad<\/li>\n<li>Inhibidores de Asf\u00e1ltenos y Parafinas<\/li>\n<li>Removedores de Da\u00f1os<\/li>\n<li>Secuestrante de Oxigeno<\/li>\n<li>Inhibidor de Corrosi\u00f3n<\/li>\n<li>Secuestrante de CO2 y H2S<\/li>\n<li>Biocida<\/li>\n<li>Removedor de Incrustaciones<\/li>\n<li>Inhibidor de Bitumen<\/li>\n<li>Quelante de Hierro<\/li>\n<li>EOR<\/li>\n<\/ul>\n\t\t<\/div>\n\t\t<div id=\"wd-65cfb721869c9\" class=\" wd-animation-slide-from-left wd-animation-normal wd-rs-65cfb721869c9  wd-button-wrapper text-center inline-element\"><a href=\"https:\/\/www.bcrsupply.com\/contacto\/\" title=\"Contacto\" class=\"btn btn-scheme-custom btn-scheme-hover-custom btn-style-default btn-style-round btn-size-large\">Contactar<\/a><\/div><div id=\"wd-65cfb8df603cb\" class=\" wd-animation-slide-from-right wd-animation-normal wd-rs-65cfb8df603cb  wd-button-wrapper text-center inline-element\"><a href=\"https:\/\/www.bcrsupply.com\/noticias\/\" title=\"Noticias\" class=\"btn btn-scheme-custom btn-scheme-hover-custom btn-style-bordered btn-style-round btn-size-large\">Ver noticias<\/a><\/div><\/div><\/div><\/div><div class=\"wpb_column vc_column_container vc_col-sm-6 wd-rs-65cfb5ad0ab7e\"><div class=\"vc_column-inner vc_custom_1708111283714\"><div class=\"wpb_wrapper\">\t\t<div id=\"wd-65d20c7060fe4\" class=\"wd-image wd-wpb wd-rs-65d20c7060fe4 text-center vc_custom_1708264574243\">\n\t\t\t\n\t\t\t<img loading=\"lazy\" decoding=\"async\" width=\"960\" height=\"965\" src=\"https:\/\/www.bcrsupply.com\/wp-content\/uploads\/Quimica-de-Produccion-1.webp\" class=\"attachment-full size-full\" alt=\"Qu\u00edmica de Producci\u00f3n\" srcset=\"https:\/\/www.bcrsupply.com\/wp-content\/uploads\/Quimica-de-Produccion-1.webp 960w, https:\/\/www.bcrsupply.com\/wp-content\/uploads\/Quimica-de-Produccion-1-298x300.webp 298w, https:\/\/www.bcrsupply.com\/wp-content\/uploads\/Quimica-de-Produccion-1-150x150.webp 150w, https:\/\/www.bcrsupply.com\/wp-content\/uploads\/Quimica-de-Produccion-1-768x772.webp 768w, https:\/\/www.bcrsupply.com\/wp-content\/uploads\/Quimica-de-Produccion-1-12x12.webp 12w\" sizes=\"auto, (max-width: 960px) 100vw, 960px\" \/>\n\t\t\t\t\t<\/div>\n\t\t<\/div><\/div><\/div><\/div><div class=\"vc_row-full-width vc_clearfix\"><\/div>\n<\/div>","protected":false},"excerpt":{"rendered":"Qu\u00edmica de Producci\u00f3n Productos que garantizan el flujo de producci\u00f3n, integridad y cuidado de los activos Reductores de Viscosidad Reductor","protected":false},"author":1,"featured_media":0,"parent":0,"menu_order":0,"comment_status":"closed","ping_status":"closed","template":"","meta":{"footnotes":""},"class_list":["post-231","page","type-page","status-publish","hentry"],"_links":{"self":[{"href":"https:\/\/www.bcrsupply.com\/en\/wp-json\/wp\/v2\/pages\/231","targetHints":{"allow":["GET"]}}],"collection":[{"href":"https:\/\/www.bcrsupply.com\/en\/wp-json\/wp\/v2\/pages"}],"about":[{"href":"https:\/\/www.bcrsupply.com\/en\/wp-json\/wp\/v2\/types\/page"}],"author":[{"embeddable":true,"href":"https:\/\/www.bcrsupply.com\/en\/wp-json\/wp\/v2\/users\/1"}],"replies":[{"embeddable":true,"href":"https:\/\/www.bcrsupply.com\/en\/wp-json\/wp\/v2\/comments?post=231"}],"version-history":[{"count":4,"href":"https:\/\/www.bcrsupply.com\/en\/wp-json\/wp\/v2\/pages\/231\/revisions"}],"predecessor-version":[{"id":236,"href":"https:\/\/www.bcrsupply.com\/en\/wp-json\/wp\/v2\/pages\/231\/revisions\/236"}],"wp:attachment":[{"href":"https:\/\/www.bcrsupply.com\/en\/wp-json\/wp\/v2\/media?parent=231"}],"curies":[{"name":"wp","href":"https:\/\/api.w.org\/{rel}","templated":true}]}}