{"id":247,"date":"2024-02-18T11:41:34","date_gmt":"2024-02-18T16:41:34","guid":{"rendered":"https:\/\/www.bcrsupply.com\/?page_id=247"},"modified":"2024-02-18T12:27:57","modified_gmt":"2024-02-18T17:27:57","slug":"trazadores","status":"publish","type":"page","link":"https:\/\/www.bcrsupply.com\/en\/trazadores\/","title":{"rendered":"Tracers"},"content":{"rendered":"<div class=\"wpb-content-wrapper\"><div class=\"vc_row wpb_row vc_row-fluid vc_custom_1708023237015 wd-rs-65ce5dbd1f903 wd-section-stretch-content-no-pd\"><div class=\"wpb_column vc_column_container vc_col-sm-12\"><div class=\"vc_column-inner\"><div class=\"wpb_wrapper\">\n\t\t\t<!-- START trazadores REVOLUTION SLIDER 6.6.20 --><p class=\"rs-p-wp-fix\"><\/p>\n\t\t\t<rs-module-wrap id=\"rev_slider_11_1_wrapper\" data-source=\"gallery\" style=\"visibility:hidden;background:transparent;padding:0;margin:0px auto;margin-top:0;margin-bottom:0;\">\n\t\t\t\t<rs-module id=\"rev_slider_11_1\" style=\"\" data-version=\"6.6.20\">\n\t\t\t\t\t<rs-slides style=\"overflow: hidden; position: absolute;\">\n\t\t\t\t\t\t<rs-slide style=\"position: absolute;\" data-key=\"rs-13\" data-title=\"Slide\" data-in=\"o:0;col:400;\" data-out=\"a:false;\">\n\t\t\t\t\t\t\t<img decoding=\"async\" src=\"\/\/www.bcrsupply.com\/wp-content\/plugins\/revslider\/public\/assets\/assets\/dummy.png\" alt=\"banner-trazadores\" width=\"1920\" height=\"400\" class=\"rev-slidebg tp-rs-img rs-lazyload\" data-lazyload=\"\/\/www.bcrsupply.com\/wp-content\/uploads\/banner-trazadores.webp\" data-no-retina>\n<!--\n\t\t\t\t\t\t\t--><h1\n\t\t\t\t\t\t\t\tid=\"slider-11-slide-13-layer-0\" \n\t\t\t\t\t\t\t\tclass=\"rs-layer\"\n\t\t\t\t\t\t\t\tdata-type=\"text\"\n\t\t\t\t\t\t\t\tdata-rsp_ch=\"on\"\n\t\t\t\t\t\t\t\tdata-xy=\"x:r;xo:200px,200px,200px,73px;y:m;\"\n\t\t\t\t\t\t\t\tdata-text=\"w:normal;s:50,50,50,28;l:60,60,60,38;fw:700;a:right;\"\n\t\t\t\t\t\t\t\tdata-dim=\"w:684px,684px,684px,336px;\"\n\t\t\t\t\t\t\t\tdata-frame_0=\"x:50,50,50,147px;y:0,0,0,0px;\"\n\t\t\t\t\t\t\t\tdata-frame_1=\"x:0,0,0,0px;y:0,0,0,0px;sp:1000;\"\n\t\t\t\t\t\t\t\tdata-frame_999=\"o:0;st:w;\"\n\t\t\t\t\t\t\t\tstyle=\"z-index:5;font-family:'Montserrat';\"\n\t\t\t\t\t\t\t>Trazadores \n\t\t\t\t\t\t\t<\/h1><!--\n-->\t\t\t\t\t\t<\/rs-slide>\n\t\t\t\t\t<\/rs-slides>\n\t\t\t\t<\/rs-module>\n\t\t\t\t<script>\n\t\t\t\t\tsetREVStartSize({c: 'rev_slider_11_1',rl:[1240,1240,1240,480],el:[400,400,400,300],gw:[1920,1920,1920,480],gh:[400,400,400,300],type:'standard',justify:'',layout:'fullwidth',mh:\"0\"});if (window.RS_MODULES!==undefined && window.RS_MODULES.modules!==undefined && window.RS_MODULES.modules[\"revslider111\"]!==undefined) {window.RS_MODULES.modules[\"revslider111\"].once = false;window.revapi11 = undefined;if (window.RS_MODULES.checkMinimal!==undefined) window.RS_MODULES.checkMinimal()}\n\t\t\t\t<\/script>\n\t\t\t<\/rs-module-wrap>\n\t\t\t<!-- END REVOLUTION SLIDER -->\n<\/div><\/div><\/div><\/div><div class=\"vc_row wpb_row vc_row-fluid vc_custom_1708276615958 vc_row-has-fill wd-bg-center-top wd-rs-65d23b80ce13a wd-section-stretch\">\t\t\t<link rel=\"stylesheet\" id=\"wd-animations-css\" href=\"https:\/\/www.bcrsupply.com\/wp-content\/themes\/woodmart\/css\/parts\/mod-animations-transform.min.css?ver=7.4.3\" type=\"text\/css\" media=\"all\" \/> \t\t\t<div class=\"wpb_column vc_column_container vc_col-sm-12 wd-rs-65d23b8d33c3d\"><div class=\"vc_column-inner vc_custom_1708276632289\"><div class=\"wpb_wrapper\">\t\t\t<link rel=\"stylesheet\" id=\"wd-section-title-css\" href=\"https:\/\/www.bcrsupply.com\/wp-content\/themes\/woodmart\/css\/parts\/el-section-title.min.css?ver=7.4.3\" type=\"text\/css\" media=\"all\" \/> \t\t\t\t\t\t<link rel=\"stylesheet\" id=\"wd-mod-highlighted-text-css\" href=\"https:\/\/www.bcrsupply.com\/wp-content\/themes\/woodmart\/css\/parts\/mod-highlighted-text.min.css?ver=7.4.3\" type=\"text\/css\" media=\"all\" \/> \t\t\t\n\t\t<div id=\"wd-65d23ba4a4a5c\" class=\"title-wrapper wd-wpb set-mb-s reset-last-child  wd-animation-slide-from-top wd-animation-normal wd-rs-65d23ba4a4a5c wd-title-color-default wd-title-style-default text-center vc_custom_1708276665944 wd-underline-colored\">\n\t\t\t\n\t\t\t<div class=\"liner-continer\">\n\t\t\t\t<h2 class=\"woodmart-title-container title  wd-font-weight- wd-fontsize-l\" >Trazadores para el diagn\u00f3stico \u00f3ptimo de las reservas, del flujo y saturaci\u00f3n de fluidos<\/h2>\n\t\t\t\t\t\t\t<\/div>\n\t\t\t\n\t\t\t\n\t\t\t\n\t\t<\/div>\n\t\t\n\t\t<div class=\"vc_separator wpb_content_element vc_separator_align_center vc_sep_width_10 vc_sep_border_width_8 vc_sep_pos_align_center vc_separator_no_text vc_custom_1708276703877 wpb_animate_when_almost_visible wpb_fadeInUp fadeInUp\" ><span class=\"vc_sep_holder vc_sep_holder_l\"><span style=\"border-color:#f7f7f7;\" class=\"vc_sep_line\"><\/span><\/span><span class=\"vc_sep_holder vc_sep_holder_r\"><span style=\"border-color:#f7f7f7;\" class=\"vc_sep_line\"><\/span><\/span>\n<\/div><\/div><\/div><\/div><\/div><div data-vc-full-width=\"true\" data-vc-full-width-init=\"false\" data-vc-stretch-content=\"true\" class=\"vc_row wpb_row vc_row-fluid vc_custom_1708277129917 vc_row-no-padding vc_row-o-equal-height vc_row-o-content-middle vc_row-flex wd-rs-65d23d8453ba1 wd-section-stretch-content-no-pd\"><div class=\"wpb_column vc_column_container vc_col-sm-6 vc_col-has-fill wd-bg-center-top wd-rs-65d20cc67fd62\"><div class=\"vc_column-inner vc_custom_1708264658019\"><div class=\"wpb_wrapper\">\n\t\t<div id=\"wd-65d23c4d71a6c\" class=\"title-wrapper wd-wpb set-mb-s reset-last-child  wd-animation-slide-from-top wd-animation-normal wd-rs-65d23c4d71a6c wd-title-color-default wd-title-style-default text-left vc_custom_1708276819054 wd-underline-colored\">\n\t\t\t\n\t\t\t<div class=\"liner-continer\">\n\t\t\t\t<h2 class=\"woodmart-title-container title  wd-font-weight- wd-fontsize-l\" >WTT<br \/>\nINTERNAL WELL TRACERS \u2013 TEST<\/h2>\n\t\t\t\t\t\t\t<\/div>\n\t\t\t\n\t\t\t\n\t\t\t\n\t\t<\/div>\n\t\t\n\t\t<div class=\"vc_separator wpb_content_element vc_separator_align_center vc_sep_width_20 vc_sep_border_width_8 vc_sep_pos_align_left vc_separator_no_text vc_custom_1708111386730 wpb_animate_when_almost_visible wpb_fadeInUp fadeInUp\" ><span class=\"vc_sep_holder vc_sep_holder_l\"><span style=\"border-color:#0393c4;\" class=\"vc_sep_line\"><\/span><\/span><span class=\"vc_sep_holder vc_sep_holder_r\"><span style=\"border-color:#0393c4;\" class=\"vc_sep_line\"><\/span><\/span>\n<\/div>\t\t\t<link rel=\"stylesheet\" id=\"wd-text-block-css\" href=\"https:\/\/www.bcrsupply.com\/wp-content\/themes\/woodmart\/css\/parts\/el-text-block.min.css?ver=7.4.3\" type=\"text\/css\" media=\"all\" \/> \t\t\t\t\t<div id=\"wd-65d23c5bc81f8\" class=\"wd-text-block wd-wpb reset-last-child wd-animation-zoom-in wd-animation-normal wd-rs-65d23c5bc81f8 text-left \">\n\t\t\t<p>Los trazadores qu\u00edmicos modernos del Inter pozo, compuestos de sustancias solubles, f\u00e1cilmente detectables, ofrecen un diagn\u00f3stico t\u00e9cnico robusto para desarrollar una comprensi\u00f3n de la din\u00e1mica del flujo subsuperficial del fluido.<\/p>\n<p><strong>TRAZADORES QU\u00cdMICOS<\/strong><\/p>\n<ul>\n<li>Dyes (colorantes)<\/li>\n<li>Fluorobenzoic acids (\u00c1cidos Fluorobenzoicos)<\/li>\n<\/ul>\n\t\t<\/div>\n\t\t<div id=\"wd-65cfb721869c9\" class=\" wd-animation-slide-from-left wd-animation-normal wd-rs-65cfb721869c9  wd-button-wrapper text-center inline-element\"><a href=\"https:\/\/www.bcrsupply.com\/contacto\/\" title=\"Contacto\" class=\"btn btn-scheme-custom btn-scheme-hover-custom btn-style-default btn-style-round btn-size-large\">Contactar<\/a><\/div><div id=\"wd-65cfb8df603cb\" class=\" wd-animation-slide-from-right wd-animation-normal wd-rs-65cfb8df603cb  wd-button-wrapper text-center inline-element\"><a href=\"https:\/\/www.bcrsupply.com\/noticias\/\" title=\"Noticias\" class=\"btn btn-scheme-custom btn-scheme-hover-custom btn-style-bordered btn-style-round btn-size-large\">Ver noticias<\/a><\/div><\/div><\/div><\/div><div class=\"wpb_column vc_column_container vc_col-sm-6 wd-rs-65cfb5ad0ab7e\"><div class=\"vc_column-inner vc_custom_1708111283714\"><div class=\"wpb_wrapper\">\t\t<div id=\"wd-65d23c3d082d5\" class=\"wd-image wd-wpb wd-rs-65d23c3d082d5 text-center vc_custom_1708276811624\">\n\t\t\t\n\t\t\t<img loading=\"lazy\" decoding=\"async\" width=\"960\" height=\"831\" src=\"https:\/\/www.bcrsupply.com\/wp-content\/uploads\/WTT-INTERNAL-WELL-TRACERS-\u2013-TEST.webp\" class=\"attachment-full size-full\" alt=\"WTT INTERNAL WELL TRACERS \u2013 TEST\" srcset=\"https:\/\/www.bcrsupply.com\/wp-content\/uploads\/WTT-INTERNAL-WELL-TRACERS-\u2013-TEST.webp 960w, https:\/\/www.bcrsupply.com\/wp-content\/uploads\/WTT-INTERNAL-WELL-TRACERS-\u2013-TEST-300x260.webp 300w, https:\/\/www.bcrsupply.com\/wp-content\/uploads\/WTT-INTERNAL-WELL-TRACERS-\u2013-TEST-150x130.webp 150w, https:\/\/www.bcrsupply.com\/wp-content\/uploads\/WTT-INTERNAL-WELL-TRACERS-\u2013-TEST-768x665.webp 768w, https:\/\/www.bcrsupply.com\/wp-content\/uploads\/WTT-INTERNAL-WELL-TRACERS-\u2013-TEST-14x12.webp 14w\" sizes=\"auto, (max-width: 960px) 100vw, 960px\" \/>\n\t\t\t\t\t<\/div>\n\t\t<\/div><\/div><\/div><\/div><div class=\"vc_row-full-width vc_clearfix\"><\/div><div data-vc-full-width=\"true\" data-vc-full-width-init=\"false\" data-vc-stretch-content=\"true\" class=\"vc_row wpb_row vc_row-fluid vc_custom_1708277179619 vc_row-no-padding vc_row-o-equal-height vc_row-o-content-middle vc_row-flex row-reverse-mobile wd-rs-65d23db169193 wd-section-stretch-content-no-pd\"><div class=\"wpb_column vc_column_container vc_col-sm-6 wd-bg-center-top wd-rs-65d23e15b0b5f\"><div class=\"vc_column-inner vc_custom_1708277275462\"><div class=\"wpb_wrapper\">\t\t<div id=\"wd-65d23dbe38d59\" class=\"wd-image wd-wpb wd-rs-65d23dbe38d59 text-center vc_custom_1708277193767\">\n\t\t\t\n\t\t\t<img loading=\"lazy\" decoding=\"async\" width=\"960\" height=\"703\" src=\"https:\/\/www.bcrsupply.com\/wp-content\/uploads\/SWTT-SINGLE-WELL-TRACERS-\u2013-TEST.webp\" class=\"attachment-full size-full\" alt=\"SWTT SINGLE WELL TRACERS \u2013 TEST\" srcset=\"https:\/\/www.bcrsupply.com\/wp-content\/uploads\/SWTT-SINGLE-WELL-TRACERS-\u2013-TEST.webp 960w, https:\/\/www.bcrsupply.com\/wp-content\/uploads\/SWTT-SINGLE-WELL-TRACERS-\u2013-TEST-300x220.webp 300w, https:\/\/www.bcrsupply.com\/wp-content\/uploads\/SWTT-SINGLE-WELL-TRACERS-\u2013-TEST-150x110.webp 150w, https:\/\/www.bcrsupply.com\/wp-content\/uploads\/SWTT-SINGLE-WELL-TRACERS-\u2013-TEST-768x562.webp 768w, https:\/\/www.bcrsupply.com\/wp-content\/uploads\/SWTT-SINGLE-WELL-TRACERS-\u2013-TEST-16x12.webp 16w\" sizes=\"auto, (max-width: 960px) 100vw, 960px\" \/>\n\t\t\t\t\t<\/div>\n\t\t<\/div><\/div><\/div><div class=\"wpb_column vc_column_container vc_col-sm-6 vc_col-has-fill wd-bg-center-top wd-rs-65d23df473f93\"><div class=\"vc_column-inner vc_custom_1708277267988\"><div class=\"wpb_wrapper\">\n\t\t<div id=\"wd-65d23dcb420af\" class=\"title-wrapper wd-wpb set-mb-s reset-last-child  wd-animation-slide-from-top wd-animation-normal wd-rs-65d23dcb420af wd-title-color-default wd-title-style-default text-left vc_custom_1708277208678 wd-underline-colored\">\n\t\t\t\n\t\t\t<div class=\"liner-continer\">\n\t\t\t\t<h3 class=\"woodmart-title-container title  wd-font-weight- wd-fontsize-l\" >SWTT<br \/>\nSINGLE WELL TRACERS \u2013 TEST<\/h3>\n\t\t\t\t\t\t\t<\/div>\n\t\t\t\n\t\t\t\n\t\t\t\n\t\t<\/div>\n\t\t\n\t\t<div class=\"vc_separator wpb_content_element vc_separator_align_center vc_sep_width_20 vc_sep_border_width_8 vc_sep_pos_align_left vc_separator_no_text vc_custom_1708111386730 wpb_animate_when_almost_visible wpb_fadeInUp fadeInUp\" ><span class=\"vc_sep_holder vc_sep_holder_l\"><span style=\"border-color:#0393c4;\" class=\"vc_sep_line\"><\/span><\/span><span class=\"vc_sep_holder vc_sep_holder_r\"><span style=\"border-color:#0393c4;\" class=\"vc_sep_line\"><\/span><\/span>\n<\/div>\t\t<div id=\"wd-65d23dda6c4a5\" class=\"wd-text-block wd-wpb reset-last-child wd-animation-zoom-in wd-animation-normal wd-rs-65d23dda6c4a5 text-left \">\n\t\t\t<p>Los trazadores qu\u00edmicos de partici\u00f3n modernos, compuestos de sustancias solubles y f\u00e1cilmente detectables, ofrecen un diagn\u00f3stico t\u00e9cnicamente s\u00f3lido para desarrollar una comprensi\u00f3n de la medici\u00f3n de la saturaci\u00f3n de aceite residual (SOR) en los proyectos de recuperaci\u00f3n terciaria.<\/p>\n\t\t<\/div>\n\t\t<div id=\"wd-65cfb721869c9\" class=\" wd-animation-slide-from-left wd-animation-normal wd-rs-65cfb721869c9  wd-button-wrapper text-center inline-element\"><a href=\"https:\/\/www.bcrsupply.com\/contacto\/\" title=\"Contacto\" class=\"btn btn-scheme-custom btn-scheme-hover-custom btn-style-default btn-style-round btn-size-large\">Contactar<\/a><\/div><div id=\"wd-65cfb8df603cb\" class=\" wd-animation-slide-from-right wd-animation-normal wd-rs-65cfb8df603cb  wd-button-wrapper text-center inline-element\"><a href=\"https:\/\/www.bcrsupply.com\/noticias\/\" title=\"Noticias\" class=\"btn btn-scheme-custom btn-scheme-hover-custom btn-style-bordered btn-style-round btn-size-large\">Ver noticias<\/a><\/div><\/div><\/div><\/div><\/div><div class=\"vc_row-full-width vc_clearfix\"><\/div>\n<\/div>","protected":false},"excerpt":{"rendered":"Trazadores Trazadores para el diagn\u00f3stico \u00f3ptimo de las reservas, del flujo y saturaci\u00f3n de fluidos WTT INTERNAL WELL TRACERS \u2013","protected":false},"author":1,"featured_media":0,"parent":0,"menu_order":0,"comment_status":"closed","ping_status":"closed","template":"","meta":{"footnotes":""},"class_list":["post-247","page","type-page","status-publish","hentry"],"_links":{"self":[{"href":"https:\/\/www.bcrsupply.com\/en\/wp-json\/wp\/v2\/pages\/247","targetHints":{"allow":["GET"]}}],"collection":[{"href":"https:\/\/www.bcrsupply.com\/en\/wp-json\/wp\/v2\/pages"}],"about":[{"href":"https:\/\/www.bcrsupply.com\/en\/wp-json\/wp\/v2\/types\/page"}],"author":[{"embeddable":true,"href":"https:\/\/www.bcrsupply.com\/en\/wp-json\/wp\/v2\/users\/1"}],"replies":[{"embeddable":true,"href":"https:\/\/www.bcrsupply.com\/en\/wp-json\/wp\/v2\/comments?post=247"}],"version-history":[{"count":6,"href":"https:\/\/www.bcrsupply.com\/en\/wp-json\/wp\/v2\/pages\/247\/revisions"}],"predecessor-version":[{"id":254,"href":"https:\/\/www.bcrsupply.com\/en\/wp-json\/wp\/v2\/pages\/247\/revisions\/254"}],"wp:attachment":[{"href":"https:\/\/www.bcrsupply.com\/en\/wp-json\/wp\/v2\/media?parent=247"}],"curies":[{"name":"wp","href":"https:\/\/api.w.org\/{rel}","templated":true}]}}